{"id":11807,"date":"2023-10-05T12:39:40","date_gmt":"2023-10-05T11:39:40","guid":{"rendered":"https:\/\/www.maisonmirabeau.com\/shop\/?post_type=product&#038;p=11807"},"modified":"2026-02-26T16:52:10","modified_gmt":"2026-02-26T16:52:10","slug":"riviera-tray","status":"publish","type":"product","link":"https:\/\/www.maisonmirabeau.com\/shop\/riviera-tray\/","title":{"rendered":"Mirabeau Riviera Tray"},"content":{"rendered":"<p><strong>Riviera Tray:\u00a0<\/strong><\/p>\n<p>Our rotating Riviera Tray is the ultimate accessory for effortless entertaining. Designed with both style and functionality in mind, this tray is the perfect solution for presenting cocktail garnishes and mixers with ease. Whether you have friends or family over for a dinner party or just fancy a choice of mixers and garnishes for a cheeky G&amp;T, it\u2019s a sleek and fun way to serve your cocktails. And it comes with our signature Petit Dry Ros\u00e9 Gin!<\/p>\n<ul class=\"p-rich_text_list p-rich_text_list__bullet\" data-stringify-type=\"unordered-list\" data-indent=\"0\" data-border=\"0\">\n<li data-stringify-indent=\"0\" data-stringify-border=\"0\">Size: 40cm x 13cm<\/li>\n<li data-stringify-indent=\"0\" data-stringify-border=\"0\">Marble centrepiece<\/li>\n<li data-stringify-indent=\"0\" data-stringify-border=\"0\">Base rotates smoothly and quietly<\/li>\n<li data-stringify-indent=\"0\" data-stringify-border=\"0\">This will easily hold cocktail essentials for groups of 4-6 people<\/li>\n<\/ul>\n<p class=\"p-rich_text_section\">Care &amp; use:<br \/>\nWipe clean with a damp cloth. For full details please <a href=\"https:\/\/www.maisonmirabeau.com\/shop\/wp-content\/uploads\/2024\/03\/Riviera-Tray-Care-Instructions.pdf\">click here.\u00a0<\/a><\/p>\n<p>&nbsp;<\/p>\n<p><strong>Mirabeau Dry Ros\u00e9 Gin 20cl:<\/strong><\/p>\n<p>At its core Mirabeau Dry Ros\u00e9 Gin is a classic Dry Gin with a gorgeous pale pink colour. True to our wine heritage, Mirabeau Dry Ros\u00e9 Gin is built\u00a0on a base of 100% grape neutral spirit, made from\u00a0up-cycled\u00a0grape skins which adds roundness and subtle fruitiness to the palate. This original Ros\u00e9 Gin is inspired by the abundance of\u00a0botanicals growing on our Domaine and throughout the French Riviera, as well as more precious ones used in the famous local perfumery trade. Lemon and Coriander botanticals add layers of fresh citrus character. Orris and Angelica roots impart floral and earthy tones respectively. Rose Petals, Lavender and Jasmine are used sparingly to bring a variety of floral tones. Finally, Bay, Thyme and Rosemary add a finely balanced herbaceous character to the blend. Distilled with a touch of our Ros\u00e9 wine, Mirabeau Dry Ros\u00e9 Gin makes a delicious Mediterranean G&amp;T and delectable Cocktails, including pink versions of some of the classics, such as Ros\u00e9 Negronis and Ros\u00e9 Gin Martinis.The bundle includes:<\/p>\n<p>&#8211; 1 x Riviera Tray<\/p>\n<p>&#8211; 1 x Mirabeau Dry Ros\u00e9 Gin 20cl<\/p>\n<p>&nbsp;<\/p>\n","protected":false},"excerpt":{"rendered":"<p><strong>Riviera Tray:\u00a0<\/strong><\/p>\n<p>Our rotating Riviera Tray is the ultimate accessory for effortless entertaining. Designed with both style and functionality in mind, this tray is the perfect solution for presenting cocktail garnishes and mixers with ease. Whether you have friends or family over for a dinner party or just fancy a choice of mixers and garnishes for a cheeky G&amp;T, it\u2019s a sleek and fun way to serve your cocktails. And it comes with our signature Petit Dry Ros\u00e9 Gin!<\/p>\n<ul class=\"p-rich_text_list p-rich_text_list__bullet\" data-stringify-type=\"unordered-list\" data-indent=\"0\" data-border=\"0\">\n<li data-stringify-indent=\"0\" data-stringify-border=\"0\">Size: 40cm x 13cm<\/li>\n<li data-stringify-indent=\"0\" data-stringify-border=\"0\">Marble centrepiece<\/li>\n<li data-stringify-indent=\"0\" data-stringify-border=\"0\">Base rotates smoothly and quietly<\/li>\n<li data-stringify-indent=\"0\" data-stringify-border=\"0\">This will easily hold cocktail essentials for groups of 4-6 people<\/li>\n<\/ul>\n<p>&nbsp;<\/p>\n","protected":false},"author":543,"featured_media":11828,"comment_status":"closed","ping_status":"closed","template":"","meta":{"_acf_changed":false},"product_brand":[],"product_cat":[17,18],"product_tag":[97],"class_list":{"0":"post-11807","1":"product","2":"type-product","3":"status-publish","4":"has-post-thumbnail","6":"product_cat-gifting","7":"product_cat-gin","8":"product_tag-christmas-host-gifts","10":"first","11":"instock","12":"shipping-taxable","13":"purchasable","14":"product-type-simple"},"acf":[],"yoast_head":"<!-- This site is optimized with the Yoast SEO plugin v27.5 - https:\/\/yoast.com\/product\/yoast-seo-wordpress\/ -->\n<title>Mirabeau Riviera Tray - Maison Mirabeau UK Online Shop<\/title>\n<meta name=\"description\" content=\"Libert\u00e9, Egalit\u00e9, Ros\u00e9 - These convenient A5 Maison Mirabeau Notebooks\u2005make ideal\u2005companions\u2005for\u2005all\u2005walks\u2005of\u2005life\" \/>\n<meta name=\"robots\" content=\"index, follow, max-snippet:-1, max-image-preview:large, max-video-preview:-1\" \/>\n<link rel=\"canonical\" href=\"https:\/\/www.maisonmirabeau.com\/shop\/riviera-tray\/\" \/>\n<meta property=\"og:locale\" content=\"en_GB\" \/>\n<meta property=\"og:type\" content=\"article\" \/>\n<meta property=\"og:title\" content=\"Mirabeau Riviera Tray - Maison Mirabeau UK Online Shop\" \/>\n<meta property=\"og:description\" content=\"Libert\u00e9, Egalit\u00e9, Ros\u00e9 - These convenient A5 Maison Mirabeau Notebooks\u2005make ideal\u2005companions\u2005for\u2005all\u2005walks\u2005of\u2005life\" \/>\n<meta property=\"og:url\" content=\"https:\/\/www.maisonmirabeau.com\/shop\/riviera-tray\/\" \/>\n<meta property=\"og:site_name\" content=\"Maison Mirabeau UK Online Shop\" \/>\n<meta property=\"article:modified_time\" content=\"2026-02-26T16:52:10+00:00\" \/>\n<meta property=\"og:image\" content=\"https:\/\/www.maisonmirabeau.com\/shop\/wp-content\/uploads\/2023\/10\/Maison_Mirabeau_Riviera_Tray-3-scaled.jpg\" \/>\n\t<meta property=\"og:image:width\" content=\"1707\" \/>\n\t<meta property=\"og:image:height\" content=\"2560\" \/>\n\t<meta property=\"og:image:type\" content=\"image\/jpeg\" \/>\n<meta name=\"twitter:card\" content=\"summary_large_image\" \/>\n<meta name=\"twitter:label1\" content=\"Estimated reading time\" \/>\n\t<meta name=\"twitter:data1\" content=\"2 minutes\" \/>\n<script type=\"application\/ld+json\" class=\"yoast-schema-graph\">{\"@context\":\"https:\\\/\\\/schema.org\",\"@graph\":[{\"@type\":\"WebPage\",\"@id\":\"https:\\\/\\\/www.maisonmirabeau.com\\\/shop\\\/riviera-tray\\\/\",\"url\":\"https:\\\/\\\/www.maisonmirabeau.com\\\/shop\\\/riviera-tray\\\/\",\"name\":\"Mirabeau Riviera Tray - Maison Mirabeau UK Online Shop\",\"isPartOf\":{\"@id\":\"https:\\\/\\\/www.maisonmirabeau.com\\\/shop\\\/#website\"},\"primaryImageOfPage\":{\"@id\":\"https:\\\/\\\/www.maisonmirabeau.com\\\/shop\\\/riviera-tray\\\/#primaryimage\"},\"image\":{\"@id\":\"https:\\\/\\\/www.maisonmirabeau.com\\\/shop\\\/riviera-tray\\\/#primaryimage\"},\"thumbnailUrl\":\"https:\\\/\\\/www.maisonmirabeau.com\\\/shop\\\/wp-content\\\/uploads\\\/2023\\\/10\\\/Maison_Mirabeau_Riviera_Tray-3-scaled.jpg\",\"datePublished\":\"2023-10-05T11:39:40+00:00\",\"dateModified\":\"2026-02-26T16:52:10+00:00\",\"description\":\"Libert\u00e9, Egalit\u00e9, Ros\u00e9 - These convenient A5 Maison Mirabeau Notebooks\u2005make ideal\u2005companions\u2005for\u2005all\u2005walks\u2005of\u2005life\",\"breadcrumb\":{\"@id\":\"https:\\\/\\\/www.maisonmirabeau.com\\\/shop\\\/riviera-tray\\\/#breadcrumb\"},\"inLanguage\":\"en-GB\",\"potentialAction\":[{\"@type\":\"ReadAction\",\"target\":[\"https:\\\/\\\/www.maisonmirabeau.com\\\/shop\\\/riviera-tray\\\/\"]}]},{\"@type\":\"ImageObject\",\"inLanguage\":\"en-GB\",\"@id\":\"https:\\\/\\\/www.maisonmirabeau.com\\\/shop\\\/riviera-tray\\\/#primaryimage\",\"url\":\"https:\\\/\\\/www.maisonmirabeau.com\\\/shop\\\/wp-content\\\/uploads\\\/2023\\\/10\\\/Maison_Mirabeau_Riviera_Tray-3-scaled.jpg\",\"contentUrl\":\"https:\\\/\\\/www.maisonmirabeau.com\\\/shop\\\/wp-content\\\/uploads\\\/2023\\\/10\\\/Maison_Mirabeau_Riviera_Tray-3-scaled.jpg\",\"width\":1707,\"height\":2560},{\"@type\":\"BreadcrumbList\",\"@id\":\"https:\\\/\\\/www.maisonmirabeau.com\\\/shop\\\/riviera-tray\\\/#breadcrumb\",\"itemListElement\":[{\"@type\":\"ListItem\",\"position\":1,\"name\":\"Home\",\"item\":\"https:\\\/\\\/www.maisonmirabeau.com\\\/shop\\\/\"},{\"@type\":\"ListItem\",\"position\":2,\"name\":\"Shop\",\"item\":\"https:\\\/\\\/www.maisonmirabeau.com\\\/shop\\\/shop\\\/\"},{\"@type\":\"ListItem\",\"position\":3,\"name\":\"Mirabeau Riviera Tray\"}]},{\"@type\":\"WebSite\",\"@id\":\"https:\\\/\\\/www.maisonmirabeau.com\\\/shop\\\/#website\",\"url\":\"https:\\\/\\\/www.maisonmirabeau.com\\\/shop\\\/\",\"name\":\"Maison Mirabeau UK Online Shop\",\"description\":\"Bringing a Taste of Provence and the French Riviera to You\",\"publisher\":{\"@id\":\"https:\\\/\\\/www.maisonmirabeau.com\\\/shop\\\/#organization\"},\"potentialAction\":[{\"@type\":\"SearchAction\",\"target\":{\"@type\":\"EntryPoint\",\"urlTemplate\":\"https:\\\/\\\/www.maisonmirabeau.com\\\/shop\\\/?s={search_term_string}\"},\"query-input\":{\"@type\":\"PropertyValueSpecification\",\"valueRequired\":true,\"valueName\":\"search_term_string\"}}],\"inLanguage\":\"en-GB\"},{\"@type\":\"Organization\",\"@id\":\"https:\\\/\\\/www.maisonmirabeau.com\\\/shop\\\/#organization\",\"name\":\"Mirabeau\",\"url\":\"https:\\\/\\\/www.maisonmirabeau.com\\\/shop\\\/\",\"logo\":{\"@type\":\"ImageObject\",\"inLanguage\":\"en-GB\",\"@id\":\"https:\\\/\\\/www.maisonmirabeau.com\\\/shop\\\/#\\\/schema\\\/logo\\\/image\\\/\",\"url\":\"https:\\\/\\\/www.maisonmirabeau.com\\\/shop\\\/wp-content\\\/uploads\\\/2020\\\/06\\\/mirabeau-logo.png\",\"contentUrl\":\"https:\\\/\\\/www.maisonmirabeau.com\\\/shop\\\/wp-content\\\/uploads\\\/2020\\\/06\\\/mirabeau-logo.png\",\"width\":1600,\"height\":1600,\"caption\":\"Mirabeau\"},\"image\":{\"@id\":\"https:\\\/\\\/www.maisonmirabeau.com\\\/shop\\\/#\\\/schema\\\/logo\\\/image\\\/\"}}]}<\/script>\n<!-- \/ Yoast SEO plugin. -->","yoast_head_json":{"title":"Mirabeau Riviera Tray - Maison Mirabeau UK Online Shop","description":"Libert\u00e9, Egalit\u00e9, Ros\u00e9 - These convenient A5 Maison Mirabeau Notebooks\u2005make ideal\u2005companions\u2005for\u2005all\u2005walks\u2005of\u2005life","robots":{"index":"index","follow":"follow","max-snippet":"max-snippet:-1","max-image-preview":"max-image-preview:large","max-video-preview":"max-video-preview:-1"},"canonical":"https:\/\/www.maisonmirabeau.com\/shop\/riviera-tray\/","og_locale":"en_GB","og_type":"article","og_title":"Mirabeau Riviera Tray - Maison Mirabeau UK Online Shop","og_description":"Libert\u00e9, Egalit\u00e9, Ros\u00e9 - These convenient A5 Maison Mirabeau Notebooks\u2005make ideal\u2005companions\u2005for\u2005all\u2005walks\u2005of\u2005life","og_url":"https:\/\/www.maisonmirabeau.com\/shop\/riviera-tray\/","og_site_name":"Maison Mirabeau UK Online Shop","article_modified_time":"2026-02-26T16:52:10+00:00","og_image":[{"width":1707,"height":2560,"url":"https:\/\/www.maisonmirabeau.com\/shop\/wp-content\/uploads\/2023\/10\/Maison_Mirabeau_Riviera_Tray-3-scaled.jpg","type":"image\/jpeg"}],"twitter_card":"summary_large_image","twitter_misc":{"Estimated reading time":"2 minutes"},"schema":{"@context":"https:\/\/schema.org","@graph":[{"@type":"WebPage","@id":"https:\/\/www.maisonmirabeau.com\/shop\/riviera-tray\/","url":"https:\/\/www.maisonmirabeau.com\/shop\/riviera-tray\/","name":"Mirabeau Riviera Tray - Maison Mirabeau UK Online Shop","isPartOf":{"@id":"https:\/\/www.maisonmirabeau.com\/shop\/#website"},"primaryImageOfPage":{"@id":"https:\/\/www.maisonmirabeau.com\/shop\/riviera-tray\/#primaryimage"},"image":{"@id":"https:\/\/www.maisonmirabeau.com\/shop\/riviera-tray\/#primaryimage"},"thumbnailUrl":"https:\/\/www.maisonmirabeau.com\/shop\/wp-content\/uploads\/2023\/10\/Maison_Mirabeau_Riviera_Tray-3-scaled.jpg","datePublished":"2023-10-05T11:39:40+00:00","dateModified":"2026-02-26T16:52:10+00:00","description":"Libert\u00e9, Egalit\u00e9, Ros\u00e9 - These convenient A5 Maison Mirabeau Notebooks\u2005make ideal\u2005companions\u2005for\u2005all\u2005walks\u2005of\u2005life","breadcrumb":{"@id":"https:\/\/www.maisonmirabeau.com\/shop\/riviera-tray\/#breadcrumb"},"inLanguage":"en-GB","potentialAction":[{"@type":"ReadAction","target":["https:\/\/www.maisonmirabeau.com\/shop\/riviera-tray\/"]}]},{"@type":"ImageObject","inLanguage":"en-GB","@id":"https:\/\/www.maisonmirabeau.com\/shop\/riviera-tray\/#primaryimage","url":"https:\/\/www.maisonmirabeau.com\/shop\/wp-content\/uploads\/2023\/10\/Maison_Mirabeau_Riviera_Tray-3-scaled.jpg","contentUrl":"https:\/\/www.maisonmirabeau.com\/shop\/wp-content\/uploads\/2023\/10\/Maison_Mirabeau_Riviera_Tray-3-scaled.jpg","width":1707,"height":2560},{"@type":"BreadcrumbList","@id":"https:\/\/www.maisonmirabeau.com\/shop\/riviera-tray\/#breadcrumb","itemListElement":[{"@type":"ListItem","position":1,"name":"Home","item":"https:\/\/www.maisonmirabeau.com\/shop\/"},{"@type":"ListItem","position":2,"name":"Shop","item":"https:\/\/www.maisonmirabeau.com\/shop\/shop\/"},{"@type":"ListItem","position":3,"name":"Mirabeau Riviera Tray"}]},{"@type":"WebSite","@id":"https:\/\/www.maisonmirabeau.com\/shop\/#website","url":"https:\/\/www.maisonmirabeau.com\/shop\/","name":"Maison Mirabeau UK Online Shop","description":"Bringing a Taste of Provence and the French Riviera to You","publisher":{"@id":"https:\/\/www.maisonmirabeau.com\/shop\/#organization"},"potentialAction":[{"@type":"SearchAction","target":{"@type":"EntryPoint","urlTemplate":"https:\/\/www.maisonmirabeau.com\/shop\/?s={search_term_string}"},"query-input":{"@type":"PropertyValueSpecification","valueRequired":true,"valueName":"search_term_string"}}],"inLanguage":"en-GB"},{"@type":"Organization","@id":"https:\/\/www.maisonmirabeau.com\/shop\/#organization","name":"Mirabeau","url":"https:\/\/www.maisonmirabeau.com\/shop\/","logo":{"@type":"ImageObject","inLanguage":"en-GB","@id":"https:\/\/www.maisonmirabeau.com\/shop\/#\/schema\/logo\/image\/","url":"https:\/\/www.maisonmirabeau.com\/shop\/wp-content\/uploads\/2020\/06\/mirabeau-logo.png","contentUrl":"https:\/\/www.maisonmirabeau.com\/shop\/wp-content\/uploads\/2020\/06\/mirabeau-logo.png","width":1600,"height":1600,"caption":"Mirabeau"},"image":{"@id":"https:\/\/www.maisonmirabeau.com\/shop\/#\/schema\/logo\/image\/"}}]}},"_links":{"self":[{"href":"https:\/\/www.maisonmirabeau.com\/shop\/wp-json\/wp\/v2\/product\/11807","targetHints":{"allow":["GET"]}}],"collection":[{"href":"https:\/\/www.maisonmirabeau.com\/shop\/wp-json\/wp\/v2\/product"}],"about":[{"href":"https:\/\/www.maisonmirabeau.com\/shop\/wp-json\/wp\/v2\/types\/product"}],"author":[{"embeddable":true,"href":"https:\/\/www.maisonmirabeau.com\/shop\/wp-json\/wp\/v2\/users\/543"}],"replies":[{"embeddable":true,"href":"https:\/\/www.maisonmirabeau.com\/shop\/wp-json\/wp\/v2\/comments?post=11807"}],"wp:featuredmedia":[{"embeddable":true,"href":"https:\/\/www.maisonmirabeau.com\/shop\/wp-json\/wp\/v2\/media\/11828"}],"wp:attachment":[{"href":"https:\/\/www.maisonmirabeau.com\/shop\/wp-json\/wp\/v2\/media?parent=11807"}],"wp:term":[{"taxonomy":"product_brand","embeddable":true,"href":"https:\/\/www.maisonmirabeau.com\/shop\/wp-json\/wp\/v2\/product_brand?post=11807"},{"taxonomy":"product_cat","embeddable":true,"href":"https:\/\/www.maisonmirabeau.com\/shop\/wp-json\/wp\/v2\/product_cat?post=11807"},{"taxonomy":"product_tag","embeddable":true,"href":"https:\/\/www.maisonmirabeau.com\/shop\/wp-json\/wp\/v2\/product_tag?post=11807"}],"curies":[{"name":"wp","href":"https:\/\/api.w.org\/{rel}","templated":true}]}}